{"id":3308,"date":"2025-11-14T15:49:15","date_gmt":"2025-11-14T14:49:15","guid":{"rendered":"https:\/\/www.mpleo.com\/be\/?page_id=3308"},"modified":"2025-11-18T18:40:52","modified_gmt":"2025-11-18T17:40:52","slug":"etude-ia-rh-barometre","status":"publish","type":"page","link":"https:\/\/www.mpleo.com\/be\/fr\/etude-ia-rh-barometre\/","title":{"rendered":"T\u00e9l\u00e9chargez notre livre blanc barom\u00e8tre IA RH"},"content":{"rendered":"","protected":false},"excerpt":{"rendered":"","protected":false},"author":5,"featured_media":0,"parent":0,"menu_order":0,"comment_status":"closed","ping_status":"closed","template":"","meta":{"_acf_changed":false,"footnotes":""},"class_list":["post-3308","page","type-page","status-publish","hentry"],"acf":[],"lang":"fr","translations":{"fr":3308,"en":3315,"nl":3328},"pll_sync_post":[],"_links":{"self":[{"href":"https:\/\/www.mpleo.com\/be\/wp-json\/wp\/v2\/pages\/3308","targetHints":{"allow":["GET"]}}],"collection":[{"href":"https:\/\/www.mpleo.com\/be\/wp-json\/wp\/v2\/pages"}],"about":[{"href":"https:\/\/www.mpleo.com\/be\/wp-json\/wp\/v2\/types\/page"}],"author":[{"embeddable":true,"href":"https:\/\/www.mpleo.com\/be\/wp-json\/wp\/v2\/users\/5"}],"replies":[{"embeddable":true,"href":"https:\/\/www.mpleo.com\/be\/wp-json\/wp\/v2\/comments?post=3308"}],"version-history":[{"count":6,"href":"https:\/\/www.mpleo.com\/be\/wp-json\/wp\/v2\/pages\/3308\/revisions"}],"predecessor-version":[{"id":3326,"href":"https:\/\/www.mpleo.com\/be\/wp-json\/wp\/v2\/pages\/3308\/revisions\/3326"}],"wp:attachment":[{"href":"https:\/\/www.mpleo.com\/be\/wp-json\/wp\/v2\/media?parent=3308"}],"curies":[{"name":"wp","href":"https:\/\/api.w.org\/{rel}","templated":true}]}}