{"id":3797,"date":"2025-10-16T14:00:02","date_gmt":"2025-10-16T12:00:02","guid":{"rendered":"https:\/\/www.mpleo.com\/fr\/?page_id=3797"},"modified":"2025-10-16T16:26:03","modified_gmt":"2025-10-16T14:26:03","slug":"barometre-ia","status":"publish","type":"page","link":"https:\/\/www.mpleo.com\/fr\/barometre-ia\/","title":{"rendered":"T\u00e9l\u00e9chargez le livre blanc barom\u00e8tre IA"},"content":{"rendered":"","protected":false},"excerpt":{"rendered":"","protected":false},"author":5,"featured_media":0,"parent":0,"menu_order":0,"comment_status":"closed","ping_status":"closed","template":"","meta":{"_acf_changed":false,"footnotes":""},"class_list":["post-3797","page","type-page","status-publish","hentry"],"acf":[],"lang":"fr","translations":{"fr":3797},"pll_sync_post":[],"_links":{"self":[{"href":"https:\/\/www.mpleo.com\/fr\/wp-json\/wp\/v2\/pages\/3797","targetHints":{"allow":["GET"]}}],"collection":[{"href":"https:\/\/www.mpleo.com\/fr\/wp-json\/wp\/v2\/pages"}],"about":[{"href":"https:\/\/www.mpleo.com\/fr\/wp-json\/wp\/v2\/types\/page"}],"author":[{"embeddable":true,"href":"https:\/\/www.mpleo.com\/fr\/wp-json\/wp\/v2\/users\/5"}],"replies":[{"embeddable":true,"href":"https:\/\/www.mpleo.com\/fr\/wp-json\/wp\/v2\/comments?post=3797"}],"version-history":[{"count":16,"href":"https:\/\/www.mpleo.com\/fr\/wp-json\/wp\/v2\/pages\/3797\/revisions"}],"predecessor-version":[{"id":3834,"href":"https:\/\/www.mpleo.com\/fr\/wp-json\/wp\/v2\/pages\/3797\/revisions\/3834"}],"wp:attachment":[{"href":"https:\/\/www.mpleo.com\/fr\/wp-json\/wp\/v2\/media?parent=3797"}],"curies":[{"name":"wp","href":"https:\/\/api.w.org\/{rel}","templated":true}]}}