{"id":4687,"date":"2026-02-12T14:47:49","date_gmt":"2026-02-12T13:47:49","guid":{"rendered":"https:\/\/www.mpleo.com\/fr\/?page_id=4687"},"modified":"2026-02-12T14:47:49","modified_gmt":"2026-02-12T13:47:49","slug":"ebook-cahier-des-charges-sirh","status":"publish","type":"page","link":"https:\/\/www.mpleo.com\/fr\/ebook-cahier-des-charges-sirh\/","title":{"rendered":"T\u00e9l\u00e9chargez le guide complet pour r\u00e9diger un cahier des charges efficace"},"content":{"rendered":"","protected":false},"excerpt":{"rendered":"","protected":false},"author":13,"featured_media":0,"parent":0,"menu_order":0,"comment_status":"closed","ping_status":"closed","template":"","meta":{"_acf_changed":false,"footnotes":""},"class_list":["post-4687","page","type-page","status-publish","hentry"],"acf":[],"lang":"fr","translations":{"fr":4687},"pll_sync_post":[],"_links":{"self":[{"href":"https:\/\/www.mpleo.com\/fr\/wp-json\/wp\/v2\/pages\/4687","targetHints":{"allow":["GET"]}}],"collection":[{"href":"https:\/\/www.mpleo.com\/fr\/wp-json\/wp\/v2\/pages"}],"about":[{"href":"https:\/\/www.mpleo.com\/fr\/wp-json\/wp\/v2\/types\/page"}],"author":[{"embeddable":true,"href":"https:\/\/www.mpleo.com\/fr\/wp-json\/wp\/v2\/users\/13"}],"replies":[{"embeddable":true,"href":"https:\/\/www.mpleo.com\/fr\/wp-json\/wp\/v2\/comments?post=4687"}],"version-history":[{"count":11,"href":"https:\/\/www.mpleo.com\/fr\/wp-json\/wp\/v2\/pages\/4687\/revisions"}],"predecessor-version":[{"id":4702,"href":"https:\/\/www.mpleo.com\/fr\/wp-json\/wp\/v2\/pages\/4687\/revisions\/4702"}],"wp:attachment":[{"href":"https:\/\/www.mpleo.com\/fr\/wp-json\/wp\/v2\/media?parent=4687"}],"curies":[{"name":"wp","href":"https:\/\/api.w.org\/{rel}","templated":true}]}}